{"id":5588,"date":"2016-12-22T11:08:11","date_gmt":"2016-12-22T13:08:11","guid":{"rendered":"http:\/\/yama.com.br\/home-2\/"},"modified":"2021-02-04T16:55:52","modified_gmt":"2021-02-04T19:55:52","slug":"home","status":"publish","type":"page","link":"https:\/\/vp.yama.com.br\/en\/","title":{"rendered":"Home"},"content":{"rendered":"","protected":false},"excerpt":{"rendered":"","protected":false},"author":1,"featured_media":0,"parent":0,"menu_order":0,"comment_status":"closed","ping_status":"closed","template":"template-home.php","meta":{"footnotes":""},"class_list":["post-5588","page","type-page","status-publish","hentry"],"yoast_head":"<!-- This site is optimized with the Yoast SEO plugin v27.2 - https:\/\/yoast.com\/product\/yoast-seo-wordpress\/ -->\n<title>Yam\u00e1 Cosmetics :: Over 50 years care of the hair of Brazilian women<\/title>\n<meta name=\"description\" content=\"Yam\u00e1 Cosmetics is a Brazilian company, which has more than 200 cosmetics products and 50 years of experience, taking care of the beauty of the brazilians women. And now from all over the world.\" \/>\n<meta name=\"robots\" content=\"index, follow, max-snippet:-1, max-image-preview:large, max-video-preview:-1\" \/>\n<link rel=\"canonical\" href=\"http:\/\/vp.yama.com.br\/en\/\" \/>\n<meta property=\"og:locale\" content=\"pt_BR\" \/>\n<meta property=\"og:type\" content=\"article\" \/>\n<meta property=\"og:title\" content=\"Yam\u00e1 Cosmetics :: Over 50 years care of the hair of Brazilian women\" \/>\n<meta property=\"og:description\" content=\"Yam\u00e1 Cosmetics is a Brazilian company, which has more than 200 cosmetics products and 50 years of experience, taking care of the beauty of the brazilians women. And now from all over the world.\" \/>\n<meta property=\"og:url\" content=\"http:\/\/vp.yama.com.br\/en\/\" \/>\n<meta property=\"og:site_name\" content=\"Yam\u00e1 Cosm\u00e9ticos\" \/>\n<meta property=\"article:modified_time\" content=\"2021-02-04T19:55:52+00:00\" \/>\n<meta name=\"twitter:card\" content=\"summary_large_image\" \/>\n<script type=\"application\/ld+json\" class=\"yoast-schema-graph\">{\"@context\":\"https:\/\/schema.org\",\"@graph\":[{\"@type\":\"WebPage\",\"@id\":\"http:\/\/vp.yama.com.br\/en\/\",\"url\":\"http:\/\/vp.yama.com.br\/en\/\",\"name\":\"Yam\u00e1 Cosmetics :: Over 50 years care of the hair of Brazilian women\",\"isPartOf\":{\"@id\":\"https:\/\/vp.yama.com.br\/#website\"},\"datePublished\":\"2016-12-22T13:08:11+00:00\",\"dateModified\":\"2021-02-04T19:55:52+00:00\",\"description\":\"Yam\u00e1 Cosmetics is a Brazilian company, which has more than 200 cosmetics products and 50 years of experience, taking care of the beauty of the brazilians women. And now from all over the world.\",\"breadcrumb\":{\"@id\":\"http:\/\/vp.yama.com.br\/en\/#breadcrumb\"},\"inLanguage\":\"pt-BR\",\"potentialAction\":[{\"@type\":\"ReadAction\",\"target\":[\"http:\/\/vp.yama.com.br\/en\/\"]}]},{\"@type\":\"BreadcrumbList\",\"@id\":\"http:\/\/vp.yama.com.br\/en\/#breadcrumb\",\"itemListElement\":[{\"@type\":\"ListItem\",\"position\":1,\"name\":\"In\u00edcio\",\"item\":\"http:\/\/vp.yama.com.br\/en\/\"},{\"@type\":\"ListItem\",\"position\":2,\"name\":\"Home\"}]},{\"@type\":\"WebSite\",\"@id\":\"https:\/\/vp.yama.com.br\/#website\",\"url\":\"https:\/\/vp.yama.com.br\/\",\"name\":\"Yam\u00e1 Cosm\u00e9ticos\",\"description\":\"H\u00e1 mais de 50 anos transformando a beleza da mulher brasileira.\",\"potentialAction\":[{\"@type\":\"SearchAction\",\"target\":{\"@type\":\"EntryPoint\",\"urlTemplate\":\"https:\/\/vp.yama.com.br\/?s={search_term_string}\"},\"query-input\":{\"@type\":\"PropertyValueSpecification\",\"valueRequired\":true,\"valueName\":\"search_term_string\"}}],\"inLanguage\":\"pt-BR\"}]}<\/script>\n<!-- \/ Yoast SEO plugin. -->","yoast_head_json":{"title":"Yam\u00e1 Cosmetics :: Over 50 years care of the hair of Brazilian women","description":"Yam\u00e1 Cosmetics is a Brazilian company, which has more than 200 cosmetics products and 50 years of experience, taking care of the beauty of the brazilians women. And now from all over the world.","robots":{"index":"index","follow":"follow","max-snippet":"max-snippet:-1","max-image-preview":"max-image-preview:large","max-video-preview":"max-video-preview:-1"},"canonical":"http:\/\/vp.yama.com.br\/en\/","og_locale":"pt_BR","og_type":"article","og_title":"Yam\u00e1 Cosmetics :: Over 50 years care of the hair of Brazilian women","og_description":"Yam\u00e1 Cosmetics is a Brazilian company, which has more than 200 cosmetics products and 50 years of experience, taking care of the beauty of the brazilians women. And now from all over the world.","og_url":"http:\/\/vp.yama.com.br\/en\/","og_site_name":"Yam\u00e1 Cosm\u00e9ticos","article_modified_time":"2021-02-04T19:55:52+00:00","twitter_card":"summary_large_image","schema":{"@context":"https:\/\/schema.org","@graph":[{"@type":"WebPage","@id":"http:\/\/vp.yama.com.br\/en\/","url":"http:\/\/vp.yama.com.br\/en\/","name":"Yam\u00e1 Cosmetics :: Over 50 years care of the hair of Brazilian women","isPartOf":{"@id":"https:\/\/vp.yama.com.br\/#website"},"datePublished":"2016-12-22T13:08:11+00:00","dateModified":"2021-02-04T19:55:52+00:00","description":"Yam\u00e1 Cosmetics is a Brazilian company, which has more than 200 cosmetics products and 50 years of experience, taking care of the beauty of the brazilians women. And now from all over the world.","breadcrumb":{"@id":"http:\/\/vp.yama.com.br\/en\/#breadcrumb"},"inLanguage":"pt-BR","potentialAction":[{"@type":"ReadAction","target":["http:\/\/vp.yama.com.br\/en\/"]}]},{"@type":"BreadcrumbList","@id":"http:\/\/vp.yama.com.br\/en\/#breadcrumb","itemListElement":[{"@type":"ListItem","position":1,"name":"In\u00edcio","item":"http:\/\/vp.yama.com.br\/en\/"},{"@type":"ListItem","position":2,"name":"Home"}]},{"@type":"WebSite","@id":"https:\/\/vp.yama.com.br\/#website","url":"https:\/\/vp.yama.com.br\/","name":"Yam\u00e1 Cosm\u00e9ticos","description":"H\u00e1 mais de 50 anos transformando a beleza da mulher brasileira.","potentialAction":[{"@type":"SearchAction","target":{"@type":"EntryPoint","urlTemplate":"https:\/\/vp.yama.com.br\/?s={search_term_string}"},"query-input":{"@type":"PropertyValueSpecification","valueRequired":true,"valueName":"search_term_string"}}],"inLanguage":"pt-BR"}]}},"_links":{"self":[{"href":"https:\/\/vp.yama.com.br\/en\/wp-json\/wp\/v2\/pages\/5588","targetHints":{"allow":["GET"]}}],"collection":[{"href":"https:\/\/vp.yama.com.br\/en\/wp-json\/wp\/v2\/pages"}],"about":[{"href":"https:\/\/vp.yama.com.br\/en\/wp-json\/wp\/v2\/types\/page"}],"author":[{"embeddable":true,"href":"https:\/\/vp.yama.com.br\/en\/wp-json\/wp\/v2\/users\/1"}],"replies":[{"embeddable":true,"href":"https:\/\/vp.yama.com.br\/en\/wp-json\/wp\/v2\/comments?post=5588"}],"version-history":[{"count":24,"href":"https:\/\/vp.yama.com.br\/en\/wp-json\/wp\/v2\/pages\/5588\/revisions"}],"predecessor-version":[{"id":24721,"href":"https:\/\/vp.yama.com.br\/en\/wp-json\/wp\/v2\/pages\/5588\/revisions\/24721"}],"wp:attachment":[{"href":"https:\/\/vp.yama.com.br\/en\/wp-json\/wp\/v2\/media?parent=5588"}],"curies":[{"name":"wp","href":"https:\/\/api.w.org\/{rel}","templated":true}]}}