{"id":5612,"date":"2016-12-22T11:09:03","date_gmt":"2016-12-22T13:09:03","guid":{"rendered":"http:\/\/yama.com.br\/produtos-2\/"},"modified":"2017-05-04T13:48:58","modified_gmt":"2017-05-04T16:48:58","slug":"produtos","status":"publish","type":"page","link":"https:\/\/vp.yama.com.br\/en\/produtos\/","title":{"rendered":"Products"},"content":{"rendered":"","protected":false},"excerpt":{"rendered":"","protected":false},"author":1,"featured_media":0,"parent":0,"menu_order":0,"comment_status":"closed","ping_status":"closed","template":"template-linhas.php","meta":{"footnotes":""},"class_list":["post-5612","page","type-page","status-publish","hentry"],"yoast_head":"<!-- This site is optimized with the Yoast SEO plugin v27.2 - https:\/\/yoast.com\/product\/yoast-seo-wordpress\/ -->\n<title>Yam\u00e1 Cosm\u00e9ticos :: Conhe\u00e7a todos nossos produtos<\/title>\n<meta name=\"description\" content=\"S\u00e3o mais de 200 produtos da Yam\u00e1 Cosm\u00e9ticos, com destaque para o t\u00e3o famoso Yamasterol, que h\u00e1 mais de 50 anos faz sucessos com milh\u00f5es de brasileiras.\" \/>\n<meta name=\"robots\" content=\"index, follow, max-snippet:-1, max-image-preview:large, max-video-preview:-1\" \/>\n<link rel=\"canonical\" href=\"http:\/\/vp.yama.com.br\/en\/produtos\/\" \/>\n<meta property=\"og:locale\" content=\"pt_BR\" \/>\n<meta property=\"og:type\" content=\"article\" \/>\n<meta property=\"og:title\" content=\"Yam\u00e1 Cosm\u00e9ticos :: Conhe\u00e7a todos nossos produtos\" \/>\n<meta property=\"og:description\" content=\"S\u00e3o mais de 200 produtos da Yam\u00e1 Cosm\u00e9ticos, com destaque para o t\u00e3o famoso Yamasterol, que h\u00e1 mais de 50 anos faz sucessos com milh\u00f5es de brasileiras.\" \/>\n<meta property=\"og:url\" content=\"http:\/\/vp.yama.com.br\/en\/produtos\/\" \/>\n<meta property=\"og:site_name\" content=\"Yam\u00e1 Cosm\u00e9ticos\" \/>\n<meta property=\"article:modified_time\" content=\"2017-05-04T16:48:58+00:00\" \/>\n<meta name=\"twitter:card\" content=\"summary_large_image\" \/>\n<script type=\"application\/ld+json\" class=\"yoast-schema-graph\">{\"@context\":\"https:\/\/schema.org\",\"@graph\":[{\"@type\":\"WebPage\",\"@id\":\"http:\/\/vp.yama.com.br\/en\/produtos\/\",\"url\":\"http:\/\/vp.yama.com.br\/en\/produtos\/\",\"name\":\"Yam\u00e1 Cosm\u00e9ticos :: Conhe\u00e7a todos nossos produtos\",\"isPartOf\":{\"@id\":\"https:\/\/vp.yama.com.br\/#website\"},\"datePublished\":\"2016-12-22T13:09:03+00:00\",\"dateModified\":\"2017-05-04T16:48:58+00:00\",\"description\":\"S\u00e3o mais de 200 produtos da Yam\u00e1 Cosm\u00e9ticos, com destaque para o t\u00e3o famoso Yamasterol, que h\u00e1 mais de 50 anos faz sucessos com milh\u00f5es de brasileiras.\",\"breadcrumb\":{\"@id\":\"http:\/\/vp.yama.com.br\/en\/produtos\/#breadcrumb\"},\"inLanguage\":\"pt-BR\",\"potentialAction\":[{\"@type\":\"ReadAction\",\"target\":[\"http:\/\/vp.yama.com.br\/en\/produtos\/\"]}]},{\"@type\":\"BreadcrumbList\",\"@id\":\"http:\/\/vp.yama.com.br\/en\/produtos\/#breadcrumb\",\"itemListElement\":[{\"@type\":\"ListItem\",\"position\":1,\"name\":\"In\u00edcio\",\"item\":\"http:\/\/vp.yama.com.br\/en\/\"},{\"@type\":\"ListItem\",\"position\":2,\"name\":\"Products\"}]},{\"@type\":\"WebSite\",\"@id\":\"https:\/\/vp.yama.com.br\/#website\",\"url\":\"https:\/\/vp.yama.com.br\/\",\"name\":\"Yam\u00e1 Cosm\u00e9ticos\",\"description\":\"H\u00e1 mais de 50 anos transformando a beleza da mulher brasileira.\",\"potentialAction\":[{\"@type\":\"SearchAction\",\"target\":{\"@type\":\"EntryPoint\",\"urlTemplate\":\"https:\/\/vp.yama.com.br\/?s={search_term_string}\"},\"query-input\":{\"@type\":\"PropertyValueSpecification\",\"valueRequired\":true,\"valueName\":\"search_term_string\"}}],\"inLanguage\":\"pt-BR\"}]}<\/script>\n<!-- \/ Yoast SEO plugin. -->","yoast_head_json":{"title":"Yam\u00e1 Cosm\u00e9ticos :: Conhe\u00e7a todos nossos produtos","description":"S\u00e3o mais de 200 produtos da Yam\u00e1 Cosm\u00e9ticos, com destaque para o t\u00e3o famoso Yamasterol, que h\u00e1 mais de 50 anos faz sucessos com milh\u00f5es de brasileiras.","robots":{"index":"index","follow":"follow","max-snippet":"max-snippet:-1","max-image-preview":"max-image-preview:large","max-video-preview":"max-video-preview:-1"},"canonical":"http:\/\/vp.yama.com.br\/en\/produtos\/","og_locale":"pt_BR","og_type":"article","og_title":"Yam\u00e1 Cosm\u00e9ticos :: Conhe\u00e7a todos nossos produtos","og_description":"S\u00e3o mais de 200 produtos da Yam\u00e1 Cosm\u00e9ticos, com destaque para o t\u00e3o famoso Yamasterol, que h\u00e1 mais de 50 anos faz sucessos com milh\u00f5es de brasileiras.","og_url":"http:\/\/vp.yama.com.br\/en\/produtos\/","og_site_name":"Yam\u00e1 Cosm\u00e9ticos","article_modified_time":"2017-05-04T16:48:58+00:00","twitter_card":"summary_large_image","schema":{"@context":"https:\/\/schema.org","@graph":[{"@type":"WebPage","@id":"http:\/\/vp.yama.com.br\/en\/produtos\/","url":"http:\/\/vp.yama.com.br\/en\/produtos\/","name":"Yam\u00e1 Cosm\u00e9ticos :: Conhe\u00e7a todos nossos produtos","isPartOf":{"@id":"https:\/\/vp.yama.com.br\/#website"},"datePublished":"2016-12-22T13:09:03+00:00","dateModified":"2017-05-04T16:48:58+00:00","description":"S\u00e3o mais de 200 produtos da Yam\u00e1 Cosm\u00e9ticos, com destaque para o t\u00e3o famoso Yamasterol, que h\u00e1 mais de 50 anos faz sucessos com milh\u00f5es de brasileiras.","breadcrumb":{"@id":"http:\/\/vp.yama.com.br\/en\/produtos\/#breadcrumb"},"inLanguage":"pt-BR","potentialAction":[{"@type":"ReadAction","target":["http:\/\/vp.yama.com.br\/en\/produtos\/"]}]},{"@type":"BreadcrumbList","@id":"http:\/\/vp.yama.com.br\/en\/produtos\/#breadcrumb","itemListElement":[{"@type":"ListItem","position":1,"name":"In\u00edcio","item":"http:\/\/vp.yama.com.br\/en\/"},{"@type":"ListItem","position":2,"name":"Products"}]},{"@type":"WebSite","@id":"https:\/\/vp.yama.com.br\/#website","url":"https:\/\/vp.yama.com.br\/","name":"Yam\u00e1 Cosm\u00e9ticos","description":"H\u00e1 mais de 50 anos transformando a beleza da mulher brasileira.","potentialAction":[{"@type":"SearchAction","target":{"@type":"EntryPoint","urlTemplate":"https:\/\/vp.yama.com.br\/?s={search_term_string}"},"query-input":{"@type":"PropertyValueSpecification","valueRequired":true,"valueName":"search_term_string"}}],"inLanguage":"pt-BR"}]}},"_links":{"self":[{"href":"https:\/\/vp.yama.com.br\/en\/wp-json\/wp\/v2\/pages\/5612","targetHints":{"allow":["GET"]}}],"collection":[{"href":"https:\/\/vp.yama.com.br\/en\/wp-json\/wp\/v2\/pages"}],"about":[{"href":"https:\/\/vp.yama.com.br\/en\/wp-json\/wp\/v2\/types\/page"}],"author":[{"embeddable":true,"href":"https:\/\/vp.yama.com.br\/en\/wp-json\/wp\/v2\/users\/1"}],"replies":[{"embeddable":true,"href":"https:\/\/vp.yama.com.br\/en\/wp-json\/wp\/v2\/comments?post=5612"}],"version-history":[{"count":1,"href":"https:\/\/vp.yama.com.br\/en\/wp-json\/wp\/v2\/pages\/5612\/revisions"}],"predecessor-version":[{"id":5614,"href":"https:\/\/vp.yama.com.br\/en\/wp-json\/wp\/v2\/pages\/5612\/revisions\/5614"}],"wp:attachment":[{"href":"https:\/\/vp.yama.com.br\/en\/wp-json\/wp\/v2\/media?parent=5612"}],"curies":[{"name":"wp","href":"https:\/\/api.w.org\/{rel}","templated":true}]}}