{"id":5853,"date":"2016-12-22T11:08:11","date_gmt":"2016-12-22T13:08:11","guid":{"rendered":"http:\/\/yama.com.br\/home\/"},"modified":"2021-02-04T16:55:44","modified_gmt":"2021-02-04T19:55:44","slug":"home","status":"publish","type":"page","link":"https:\/\/vp.yama.com.br\/es\/","title":{"rendered":"Home"},"content":{"rendered":"","protected":false},"excerpt":{"rendered":"","protected":false},"author":1,"featured_media":0,"parent":0,"menu_order":0,"comment_status":"closed","ping_status":"closed","template":"template-home.php","meta":{"footnotes":""},"class_list":["post-5853","page","type-page","status-publish","hentry"],"yoast_head":"<!-- This site is optimized with the Yoast SEO plugin v27.2 - https:\/\/yoast.com\/product\/yoast-seo-wordpress\/ -->\n<title>Yam\u00e1 Cosm\u00e9ticos :: M\u00e1s de 50 a\u00f1os de cuidado de su belleza<\/title>\n<meta name=\"description\" content=\"Yam\u00e1 Cosm\u00e9ticos es una empresa 100% brasile\u00f1a, que cuenta con m\u00e1s de 200 productos cosmeticos y hace 50 a\u00f1os cuida la belleza de millones de mujeres de todo Brasil. Y ahora va a cuidar de todo el mundo.\" \/>\n<meta name=\"robots\" content=\"index, follow, max-snippet:-1, max-image-preview:large, max-video-preview:-1\" \/>\n<link rel=\"canonical\" href=\"http:\/\/vp.yama.com.br\/es\/\" \/>\n<meta property=\"og:locale\" content=\"pt_BR\" \/>\n<meta property=\"og:type\" content=\"article\" \/>\n<meta property=\"og:title\" content=\"Yam\u00e1 Cosm\u00e9ticos :: M\u00e1s de 50 a\u00f1os de cuidado de su belleza\" \/>\n<meta property=\"og:description\" content=\"Yam\u00e1 Cosm\u00e9ticos es una empresa 100% brasile\u00f1a, que cuenta con m\u00e1s de 200 productos cosmeticos y hace 50 a\u00f1os cuida la belleza de millones de mujeres de todo Brasil. Y ahora va a cuidar de todo el mundo.\" \/>\n<meta property=\"og:url\" content=\"http:\/\/vp.yama.com.br\/es\/\" \/>\n<meta property=\"og:site_name\" content=\"Yam\u00e1 Cosm\u00e9ticos\" \/>\n<meta property=\"article:modified_time\" content=\"2021-02-04T19:55:44+00:00\" \/>\n<meta name=\"twitter:card\" content=\"summary_large_image\" \/>\n<script type=\"application\/ld+json\" class=\"yoast-schema-graph\">{\"@context\":\"https:\/\/schema.org\",\"@graph\":[{\"@type\":\"WebPage\",\"@id\":\"http:\/\/vp.yama.com.br\/es\/\",\"url\":\"http:\/\/vp.yama.com.br\/es\/\",\"name\":\"Yam\u00e1 Cosm\u00e9ticos :: M\u00e1s de 50 a\u00f1os de cuidado de su belleza\",\"isPartOf\":{\"@id\":\"https:\/\/vp.yama.com.br\/#website\"},\"datePublished\":\"2016-12-22T13:08:11+00:00\",\"dateModified\":\"2021-02-04T19:55:44+00:00\",\"description\":\"Yam\u00e1 Cosm\u00e9ticos es una empresa 100% brasile\u00f1a, que cuenta con m\u00e1s de 200 productos cosmeticos y hace 50 a\u00f1os cuida la belleza de millones de mujeres de todo Brasil. Y ahora va a cuidar de todo el mundo.\",\"breadcrumb\":{\"@id\":\"http:\/\/vp.yama.com.br\/es\/#breadcrumb\"},\"inLanguage\":\"pt-BR\",\"potentialAction\":[{\"@type\":\"ReadAction\",\"target\":[\"http:\/\/vp.yama.com.br\/es\/\"]}]},{\"@type\":\"BreadcrumbList\",\"@id\":\"http:\/\/vp.yama.com.br\/es\/#breadcrumb\",\"itemListElement\":[{\"@type\":\"ListItem\",\"position\":1,\"name\":\"In\u00edcio\",\"item\":\"http:\/\/vp.yama.com.br\/es\/\"},{\"@type\":\"ListItem\",\"position\":2,\"name\":\"Home\"}]},{\"@type\":\"WebSite\",\"@id\":\"https:\/\/vp.yama.com.br\/#website\",\"url\":\"https:\/\/vp.yama.com.br\/\",\"name\":\"Yam\u00e1 Cosm\u00e9ticos\",\"description\":\"H\u00e1 mais de 50 anos transformando a beleza da mulher brasileira.\",\"potentialAction\":[{\"@type\":\"SearchAction\",\"target\":{\"@type\":\"EntryPoint\",\"urlTemplate\":\"https:\/\/vp.yama.com.br\/?s={search_term_string}\"},\"query-input\":{\"@type\":\"PropertyValueSpecification\",\"valueRequired\":true,\"valueName\":\"search_term_string\"}}],\"inLanguage\":\"pt-BR\"}]}<\/script>\n<!-- \/ Yoast SEO plugin. -->","yoast_head_json":{"title":"Yam\u00e1 Cosm\u00e9ticos :: M\u00e1s de 50 a\u00f1os de cuidado de su belleza","description":"Yam\u00e1 Cosm\u00e9ticos es una empresa 100% brasile\u00f1a, que cuenta con m\u00e1s de 200 productos cosmeticos y hace 50 a\u00f1os cuida la belleza de millones de mujeres de todo Brasil. Y ahora va a cuidar de todo el mundo.","robots":{"index":"index","follow":"follow","max-snippet":"max-snippet:-1","max-image-preview":"max-image-preview:large","max-video-preview":"max-video-preview:-1"},"canonical":"http:\/\/vp.yama.com.br\/es\/","og_locale":"pt_BR","og_type":"article","og_title":"Yam\u00e1 Cosm\u00e9ticos :: M\u00e1s de 50 a\u00f1os de cuidado de su belleza","og_description":"Yam\u00e1 Cosm\u00e9ticos es una empresa 100% brasile\u00f1a, que cuenta con m\u00e1s de 200 productos cosmeticos y hace 50 a\u00f1os cuida la belleza de millones de mujeres de todo Brasil. Y ahora va a cuidar de todo el mundo.","og_url":"http:\/\/vp.yama.com.br\/es\/","og_site_name":"Yam\u00e1 Cosm\u00e9ticos","article_modified_time":"2021-02-04T19:55:44+00:00","twitter_card":"summary_large_image","schema":{"@context":"https:\/\/schema.org","@graph":[{"@type":"WebPage","@id":"http:\/\/vp.yama.com.br\/es\/","url":"http:\/\/vp.yama.com.br\/es\/","name":"Yam\u00e1 Cosm\u00e9ticos :: M\u00e1s de 50 a\u00f1os de cuidado de su belleza","isPartOf":{"@id":"https:\/\/vp.yama.com.br\/#website"},"datePublished":"2016-12-22T13:08:11+00:00","dateModified":"2021-02-04T19:55:44+00:00","description":"Yam\u00e1 Cosm\u00e9ticos es una empresa 100% brasile\u00f1a, que cuenta con m\u00e1s de 200 productos cosmeticos y hace 50 a\u00f1os cuida la belleza de millones de mujeres de todo Brasil. Y ahora va a cuidar de todo el mundo.","breadcrumb":{"@id":"http:\/\/vp.yama.com.br\/es\/#breadcrumb"},"inLanguage":"pt-BR","potentialAction":[{"@type":"ReadAction","target":["http:\/\/vp.yama.com.br\/es\/"]}]},{"@type":"BreadcrumbList","@id":"http:\/\/vp.yama.com.br\/es\/#breadcrumb","itemListElement":[{"@type":"ListItem","position":1,"name":"In\u00edcio","item":"http:\/\/vp.yama.com.br\/es\/"},{"@type":"ListItem","position":2,"name":"Home"}]},{"@type":"WebSite","@id":"https:\/\/vp.yama.com.br\/#website","url":"https:\/\/vp.yama.com.br\/","name":"Yam\u00e1 Cosm\u00e9ticos","description":"H\u00e1 mais de 50 anos transformando a beleza da mulher brasileira.","potentialAction":[{"@type":"SearchAction","target":{"@type":"EntryPoint","urlTemplate":"https:\/\/vp.yama.com.br\/?s={search_term_string}"},"query-input":{"@type":"PropertyValueSpecification","valueRequired":true,"valueName":"search_term_string"}}],"inLanguage":"pt-BR"}]}},"_links":{"self":[{"href":"https:\/\/vp.yama.com.br\/es\/wp-json\/wp\/v2\/pages\/5853","targetHints":{"allow":["GET"]}}],"collection":[{"href":"https:\/\/vp.yama.com.br\/es\/wp-json\/wp\/v2\/pages"}],"about":[{"href":"https:\/\/vp.yama.com.br\/es\/wp-json\/wp\/v2\/types\/page"}],"author":[{"embeddable":true,"href":"https:\/\/vp.yama.com.br\/es\/wp-json\/wp\/v2\/users\/1"}],"replies":[{"embeddable":true,"href":"https:\/\/vp.yama.com.br\/es\/wp-json\/wp\/v2\/comments?post=5853"}],"version-history":[{"count":29,"href":"https:\/\/vp.yama.com.br\/es\/wp-json\/wp\/v2\/pages\/5853\/revisions"}],"predecessor-version":[{"id":24720,"href":"https:\/\/vp.yama.com.br\/es\/wp-json\/wp\/v2\/pages\/5853\/revisions\/24720"}],"wp:attachment":[{"href":"https:\/\/vp.yama.com.br\/es\/wp-json\/wp\/v2\/media?parent=5853"}],"curies":[{"name":"wp","href":"https:\/\/api.w.org\/{rel}","templated":true}]}}